{"id":9451,"date":"2021-10-28T09:25:05","date_gmt":"2021-10-28T13:25:05","guid":{"rendered":"http:\/\/old.laplaceinsights.com\/?page_id=9451"},"modified":"2025-07-25T16:27:41","modified_gmt":"2025-07-25T20:27:41","slug":"about-laplace-insights","status":"publish","type":"page","link":"https:\/\/old.laplaceinsights.com\/fr\/about-laplace-insights\/","title":{"rendered":"\u00c0 Propos de Laplace"},"content":{"rendered":"<div data-elementor-type=\"wp-page\" data-elementor-id=\"9451\" class=\"elementor elementor-9451\" data-elementor-post-type=\"page\">\n\t\t\t\t\t\t\t\t\t<section class=\"elementor-section elementor-top-section elementor-element elementor-element-b51a370 elementor-section-boxed elementor-section-height-default elementor-section-height-default\" data-id=\"b51a370\" data-element_type=\"section\" data-settings=\"{&quot;background_background&quot;:&quot;classic&quot;,&quot;shape_divider_bottom&quot;:&quot;tilt&quot;}\">\n\t\t\t\t\t\t\t<div class=\"elementor-background-overlay\"><\/div>\n\t\t\t\t\t\t<div class=\"elementor-shape elementor-shape-bottom\" data-negative=\"false\">\n\t\t\t<svg xmlns=\"http:\/\/www.w3.org\/2000\/svg\" viewbox=\"0 0 1000 100\" preserveaspectratio=\"none\">\n\t<path class=\"elementor-shape-fill\" d=\"M0,6V0h1000v100L0,6z\"\/>\n<\/svg>\t\t<\/div>\n\t\t\t\t\t<div class=\"elementor-container elementor-column-gap-default\">\n\t\t\t\t\t<div class=\"elementor-column elementor-col-50 elementor-top-column elementor-element elementor-element-f395534 animated-fast elementor-invisible\" data-id=\"f395534\" data-element_type=\"column\" data-settings=\"{&quot;animation&quot;:&quot;fadeIn&quot;}\">\n\t\t\t<div class=\"elementor-widget-wrap elementor-element-populated\">\n\t\t\t\t\t\t\t\t<div class=\"elementor-element elementor-element-19286b6 elementor-widget elementor-widget-heading\" data-id=\"19286b6\" data-element_type=\"widget\" data-widget_type=\"heading.default\">\n\t\t\t\t<div class=\"elementor-widget-container\">\n\t\t\t<h3 class=\"elementor-heading-title elementor-size-default\"><span class=\"first1\"> \"<\/span> Les questions les plus importantes de la vie ne sont, pour la plupart, que des probl\u00e8mes de probabilit\u00e9s<span> \"<\/span> <\/h3>\t\t<\/div>\n\t\t\t\t<\/div>\n\t\t\t\t<div class=\"elementor-element elementor-element-1ec336f elementor-widget elementor-widget-heading\" data-id=\"1ec336f\" data-element_type=\"widget\" data-widget_type=\"heading.default\">\n\t\t\t\t<div class=\"elementor-widget-container\">\n\t\t\t<h2 class=\"elementor-heading-title elementor-size-default\">- P. Simon Laplace (1749-1827)<\/h2>\t\t<\/div>\n\t\t\t\t<\/div>\n\t\t\t\t\t<\/div>\n\t\t<\/div>\n\t\t\t\t<div class=\"elementor-column elementor-col-50 elementor-top-column elementor-element elementor-element-cea5971\" data-id=\"cea5971\" data-element_type=\"column\">\n\t\t\t<div class=\"elementor-widget-wrap elementor-element-populated\">\n\t\t\t\t\t\t\t\t<div class=\"elementor-element elementor-element-181e2d2 elementor-widget elementor-widget-image\" data-id=\"181e2d2\" data-element_type=\"widget\" data-settings=\"{&quot;motion_fx_motion_fx_scrolling&quot;:&quot;yes&quot;,&quot;motion_fx_translateY_effect&quot;:&quot;yes&quot;,&quot;motion_fx_translateY_speed&quot;:{&quot;unit&quot;:&quot;px&quot;,&quot;size&quot;:2,&quot;sizes&quot;:[]},&quot;motion_fx_translateY_affectedRange&quot;:{&quot;unit&quot;:&quot;%&quot;,&quot;size&quot;:&quot;&quot;,&quot;sizes&quot;:{&quot;start&quot;:0,&quot;end&quot;:100}},&quot;motion_fx_devices&quot;:[&quot;widescreen&quot;,&quot;desktop&quot;,&quot;laptop&quot;,&quot;tablet_extra&quot;,&quot;tablet&quot;,&quot;mobile_extra&quot;,&quot;mobile&quot;]}\" data-widget_type=\"image.default\">\n\t\t\t\t<div class=\"elementor-widget-container\">\n\t\t\t\t\t\t\t\t\t\t\t\t\t\t\t<img fetchpriority=\"high\" decoding=\"async\" width=\"432\" height=\"468\" src=\"https:\/\/old.laplaceinsights.com\/wp-content\/uploads\/2021\/10\/about-header-image.png\" class=\"attachment-large size-large wp-image-9484\" alt=\"\" srcset=\"https:\/\/old.laplaceinsights.com\/wp-content\/uploads\/2021\/10\/about-header-image.png 432w, https:\/\/old.laplaceinsights.com\/wp-content\/uploads\/2021\/10\/about-header-image-277x300.png 277w, https:\/\/old.laplaceinsights.com\/wp-content\/uploads\/2021\/10\/about-header-image-11x12.png 11w\" sizes=\"(max-width: 432px) 100vw, 432px\" \/>\t\t\t\t\t\t\t\t\t\t\t\t\t\t\t<\/div>\n\t\t\t\t<\/div>\n\t\t\t\t\t<\/div>\n\t\t<\/div>\n\t\t\t\t\t\t\t<\/div>\n\t\t<\/section>\n\t\t\t\t<section class=\"elementor-section elementor-top-section elementor-element elementor-element-0eb61f0 elementor-section-boxed elementor-section-height-default elementor-section-height-default\" data-id=\"0eb61f0\" data-element_type=\"section\" data-settings=\"{&quot;background_background&quot;:&quot;classic&quot;}\">\n\t\t\t\t\t\t\t<div class=\"elementor-background-overlay\"><\/div>\n\t\t\t\t\t\t\t<div class=\"elementor-container elementor-column-gap-default\">\n\t\t\t\t\t<div class=\"elementor-column elementor-col-50 elementor-top-column elementor-element elementor-element-070ffa5 animated-fast elementor-invisible\" data-id=\"070ffa5\" data-element_type=\"column\" data-settings=\"{&quot;animation&quot;:&quot;fadeIn&quot;}\">\n\t\t\t<div class=\"elementor-widget-wrap elementor-element-populated\">\n\t\t\t\t\t\t\t\t<div class=\"elementor-element elementor-element-98f8746 elementor-widget elementor-widget-heading\" data-id=\"98f8746\" data-element_type=\"widget\" data-widget_type=\"heading.default\">\n\t\t\t\t<div class=\"elementor-widget-container\">\n\t\t\t<h2 class=\"elementor-heading-title elementor-size-default\">Built&nbsp;to&nbsp;help.<\/h2>\t\t<\/div>\n\t\t\t\t<\/div>\n\t\t\t\t<div class=\"elementor-element elementor-element-e57fe40 elementor-widget__width-initial elementor-widget-mobile__width-inherit elementor-widget elementor-widget-text-editor\" data-id=\"e57fe40\" data-element_type=\"widget\" data-widget_type=\"text-editor.default\">\n\t\t\t\t<div class=\"elementor-widget-container\">\n\t\t\t\t\t\t\t<p>Laplace Insights was founded to democratize asset managers\u2019 access to advanced Machine Learning and Artificial Intelligence, and in turn, to <b>help more investors reach their financial goals.<\/b><\/p>\n<p>We know that advanced forecasting can empower portfolio managers to consistently outperform their benchmarks and their peers, while also reducing risk and volatility.&nbsp;<\/p>\n<p>At Laplace, we leverage advanced approaches to machine learning and artificial intelligence, purpose-built to deliver robust insights and signals for investment professionals. We\u2019ve built <b>PSIMON, our machine learning platform,<\/b> to identify periods of distinct market behavior and when they shift, while helping managers recognize emerging opportunities, respond to change, and outperform their benchmark.<\/p>\n<p>PSIMON&#8217;s ensemble models perform deep statistical analysis to compute a distribution of likely outcomes for individual assets, sectors and themes. We also perform rigorous stress- and back-testing of our systems to ensure consistent, reliable performance over a wide range of market conditions. All this with the goal of reducing investment uncertainties and gaining a clearer understanding of what\u2019s <em>really<\/em> driving the markets, above and beyond the frenzy of daily news.<\/p>\n<p>From day one, we understood that our work can empower the investment managers we work with, and in turn, the investors they serve. We work tirelessly to earn and retain their trust, a commitment we don\u2019t take lightly.<\/p>\t\t\t\t\t\t<\/div>\n\t\t\t\t<\/div>\n\t\t\t\t\t<\/div>\n\t\t<\/div>\n\t\t\t\t<div class=\"elementor-column elementor-col-50 elementor-top-column elementor-element elementor-element-72e5157 animated-fast elementor-invisible\" data-id=\"72e5157\" data-element_type=\"column\" data-settings=\"{&quot;animation&quot;:&quot;fadeIn&quot;}\">\n\t\t\t<div class=\"elementor-widget-wrap elementor-element-populated\">\n\t\t\t\t\t\t\t\t<div class=\"elementor-element elementor-element-72d4014 elementor-widget__width-initial elementor-widget-mobile__width-inherit elementor-widget elementor-widget-text-editor\" data-id=\"72d4014\" data-element_type=\"widget\" data-widget_type=\"text-editor.default\">\n\t\t\t\t<div class=\"elementor-widget-container\">\n\t\t\t\t\t\t\t<p class=\" translation-block\"><span>Pierre Simon, marquis de Laplace<\/span> est connu de certains comme le <i>Newton fran\u00e7ais ; <\/i>un brillants math\u00e9maticien, ing\u00e9nieur, scientifique et philosophe. Pionnier \u00e0 la fois de la physique math\u00e9matique et des statistiques, il a profond\u00e9ment r\u00e9fl\u00e9chi aux probabilit\u00e9s et est consid\u00e9r\u00e9 par beaucoup \u2013 y compris nous \u2013 comme le p\u00e8re de la science des donn\u00e9es moderne.<\/p>\t\t\t\t\t\t<\/div>\n\t\t\t\t<\/div>\n\t\t\t\t\t<\/div>\n\t\t<\/div>\n\t\t\t\t\t\t\t<\/div>\n\t\t<\/section>\n\t\t\t\t\t\t\t<\/div>","protected":false},"excerpt":{"rendered":"<p>&#8221; The most important questions of life are indeed, for the most part, really only problems of probability. &#8221; &#8211; P. Simon Laplace (1749-1827) Built&nbsp;to&nbsp;help. Laplace Insights was founded to democratize asset managers\u2019 access to advanced Machine Learning and Artificial Intelligence, and in turn, to help more investors reach their financial goals. We know that &hellip;<\/p>\n<p class=\"read-more\"> <a class=\"\" href=\"https:\/\/old.laplaceinsights.com\/fr\/about-laplace-insights\/\"> <span class=\"screen-reader-text\">\u00c0 Propos de Laplace<\/span> Lire la suite\u00a0\u00bb<\/a><\/p>","protected":false},"author":5156,"featured_media":0,"parent":0,"menu_order":0,"comment_status":"closed","ping_status":"closed","template":"elementor_header_footer","meta":{"footnotes":""},"_links":{"self":[{"href":"https:\/\/old.laplaceinsights.com\/fr\/wp-json\/wp\/v2\/pages\/9451"}],"collection":[{"href":"https:\/\/old.laplaceinsights.com\/fr\/wp-json\/wp\/v2\/pages"}],"about":[{"href":"https:\/\/old.laplaceinsights.com\/fr\/wp-json\/wp\/v2\/types\/page"}],"author":[{"embeddable":true,"href":"https:\/\/old.laplaceinsights.com\/fr\/wp-json\/wp\/v2\/users\/5156"}],"replies":[{"embeddable":true,"href":"https:\/\/old.laplaceinsights.com\/fr\/wp-json\/wp\/v2\/comments?post=9451"}],"version-history":[{"count":189,"href":"https:\/\/old.laplaceinsights.com\/fr\/wp-json\/wp\/v2\/pages\/9451\/revisions"}],"predecessor-version":[{"id":14376,"href":"https:\/\/old.laplaceinsights.com\/fr\/wp-json\/wp\/v2\/pages\/9451\/revisions\/14376"}],"wp:attachment":[{"href":"https:\/\/old.laplaceinsights.com\/fr\/wp-json\/wp\/v2\/media?parent=9451"}],"curies":[{"name":"wp","href":"https:\/\/api.w.org\/{rel}","templated":true}]}}